{"id":2261,"date":"2022-07-15T13:54:05","date_gmt":"2022-07-15T17:54:05","guid":{"rendered":"https:\/\/aquaspa1.wpenginepowered.com\/nos-soins\/nail-care\/"},"modified":"2025-12-05T17:08:40","modified_gmt":"2025-12-05T21:08:40","slug":"beaute-des-ongles","status":"publish","type":"page","link":"https:\/\/aquaspalg.com\/fr\/nos-soins\/beaute-des-ongles\/","title":{"rendered":"Beaut\u00e9 des ongles"},"content":{"rendered":"<p>[et_pb_section fb_built=\u00a0\u00bb1&Prime; custom_padding_last_edited=\u00a0\u00bbon|tablet\u00a0\u00bb _builder_version=\u00a0\u00bb4.17.4&Prime; _module_preset=\u00a0\u00bbdefault\u00a0\u00bb custom_padding=\u00a0\u00bb140px||0px||false|false\u00a0\u00bb custom_padding_tablet=\u00a0\u00bb90px||0px||false|false\u00a0\u00bb custom_padding_phone=\u00a0\u00bb90px||0px||false|false\u00a0\u00bb global_colors_info=\u00a0\u00bb{}\u00a0\u00bb][et_pb_row _builder_version=\u00a0\u00bb4.18.0&Prime; _module_preset=\u00a0\u00bbdefault\u00a0\u00bb background_image=\u00a0\u00bbhttps:\/\/aquaspalg.com\/wp-content\/uploads\/2022\/08\/aqua22-min-scaled.jpg\u00a0\u00bb global_colors_info=\u00a0\u00bb{}\u00a0\u00bb][et_pb_column type=\u00a0\u00bb4_4&Prime; _builder_version=\u00a0\u00bb4.17.4&Prime; _module_preset=\u00a0\u00bbdefault\u00a0\u00bb global_colors_info=\u00a0\u00bb{}\u00a0\u00bb][et_pb_text _builder_version=\u00a0\u00bb4.17.4&Prime; _module_preset=\u00a0\u00bbdefault\u00a0\u00bb text_text_color=\u00a0\u00bb#FFFFFF\u00a0\u00bb text_font_size=\u00a0\u00bb78px\u00a0\u00bb header_font=\u00a0\u00bbCervo medium|||on|||||\u00a0\u00bb header_text_align=\u00a0\u00bbcenter\u00a0\u00bb header_text_color=\u00a0\u00bb#FFFFFF\u00a0\u00bb header_font_size=\u00a0\u00bb50px\u00a0\u00bb custom_padding=\u00a0\u00bb174px||100px||false|false\u00a0\u00bb custom_padding_tablet=\u00a0\u00bb100px||100px||false|false\u00a0\u00bb custom_padding_phone=\u00a0\u00bb100px||100px||false|false\u00a0\u00bb custom_padding_last_edited=\u00a0\u00bbon|phone\u00a0\u00bb header_font_size_tablet=\u00a0\u00bb50px\u00a0\u00bb header_font_size_phone=\u00a0\u00bb46px\u00a0\u00bb header_font_size_last_edited=\u00a0\u00bbon|phone\u00a0\u00bb custom_css_main_element=\u00a0\u00bbtext-shadow: 2px 2px 0 rgb(0 0 0 \/ 8%);\u00a0\u00bb locked=\u00a0\u00bboff\u00a0\u00bb global_colors_info=\u00a0\u00bb{}\u00a0\u00bb]<\/p>\n<h1>Soins des ongles<\/h1>\n<p>[\/et_pb_text][\/et_pb_column][\/et_pb_row][\/et_pb_section][et_pb_section fb_built=\u00a0\u00bb1&Prime; _builder_version=\u00a0\u00bb4.17.4&Prime; _module_preset=\u00a0\u00bbdefault\u00a0\u00bb background_color=\u00a0\u00bb#fcfcfc\u00a0\u00bb custom_padding=\u00a0\u00bb||0px||false|false\u00a0\u00bb global_colors_info=\u00a0\u00bb{}\u00a0\u00bb][et_pb_row custom_padding_last_edited=\u00a0\u00bbon|tablet\u00a0\u00bb _builder_version=\u00a0\u00bb4.17.4&Prime; _module_preset=\u00a0\u00bbdefault\u00a0\u00bb custom_padding=\u00a0\u00bb||0px||false|false\u00a0\u00bb custom_padding_tablet=\u00a0\u00bb||30px||false|false\u00a0\u00bb custom_padding_phone=\u00a0\u00bb||30px||false|false\u00a0\u00bb global_colors_info=\u00a0\u00bb{}\u00a0\u00bb][et_pb_column type=\u00a0\u00bb4_4&Prime; _builder_version=\u00a0\u00bb4.17.4&Prime; _module_preset=\u00a0\u00bbdefault\u00a0\u00bb global_colors_info=\u00a0\u00bb{}\u00a0\u00bb][et_pb_tabs module_class=\u00a0\u00bbservice-tab\u00a0\u00bb _builder_version=\u00a0\u00bb4.27.4&Prime; _module_preset=\u00a0\u00bbdefault\u00a0\u00bb tab_font=\u00a0\u00bbCervo medium||||||||\u00a0\u00bb tab_font_size=\u00a0\u00bb26px\u00a0\u00bb background_color=\u00a0\u00bb#fcfcfc\u00a0\u00bb custom_css_tabs_controls=\u00a0\u00bbbackground: transparent!important;\u00a0\u00bb custom_css_tab=\u00a0\u00bbborder: none!important;\u00a0\u00bb custom_css_active_tab=\u00a0\u00bbborder-bottom: 2px solid #222!important;\u00a0\u00bb border_width_all=\u00a0\u00bb0px\u00a0\u00bb global_colors_info=\u00a0\u00bb{}\u00a0\u00bb][et_pb_tab title=\u00a0\u00bbMANUCURE\u00a0\u00bb _builder_version=\u00a0\u00bb4.17.4&Prime; _module_preset=\u00a0\u00bbdefault\u00a0\u00bb global_colors_info=\u00a0\u00bb{}\u00a0\u00bb]<\/p>\n[et_pb_section global_module=\"1270\"][\/et_pb_section]\n<p>[\/et_pb_tab][et_pb_tab title=\u00a0\u00bbP\u00c9DICURE\u00a0\u00bb _builder_version=\u00a0\u00bb4.17.4&Prime; _module_preset=\u00a0\u00bbdefault\u00a0\u00bb background_color=\u00a0\u00bb#fcfcfc\u00a0\u00bb background_enable_color=\u00a0\u00bbon\u00a0\u00bb global_colors_info=\u00a0\u00bb{}\u00a0\u00bb]<\/p>\n[et_pb_section global_module=\"1944\"][\/et_pb_section]\n<p>[\/et_pb_tab][et_pb_tab title=\u00a0\u00bbEXTRAS\u00a0\u00bb _builder_version=\u00a0\u00bb4.17.4&Prime; _module_preset=\u00a0\u00bbdefault\u00a0\u00bb background_color=\u00a0\u00bb#fcfcfc\u00a0\u00bb background_enable_color=\u00a0\u00bbon\u00a0\u00bb global_colors_info=\u00a0\u00bb{}\u00a0\u00bb]<\/p>\n[et_pb_section global_module=\"1969\"][\/et_pb_section]\n<p>[\/et_pb_tab][\/et_pb_tabs][\/et_pb_column][\/et_pb_row][\/et_pb_section]<\/p>\n","protected":false},"excerpt":{"rendered":"<p>Soins des ongles<div class=\"et_pb_section et_pb_section_1 et_pb_with_background et_section_regular\" >\n\t\t\t\t\n\t\t\t\t\n\t\t\t\t\n\t\t\t\t\n\t\t\t\t\n\t\t\t\t\n\t\t\t\t<div class=\"et_pb_row et_pb_row_0\">\n\t\t\t\t<div class=\"et_pb_column et_pb_column_1_2 et_pb_column_0  et_pb_css_mix_blend_mode_passthrough\">\n\t\t\t\t\n\t\t\t\t\n\t\t\t\t\n\t\t\t\t\n\t\t\t\t<div class=\"et_pb_module et_pb_text et_pb_text_0  et_pb_text_align_left et_pb_bg_layout_light\">\n\t\t\t\t\n\t\t\t\t\n\t\t\t\t\n\t\t\t\t\n\t\t\t\t<div class=\"et_pb_text_inner\"><div class=\"sb-title-wrapper\">\n<h2 class=\"h4\">Superposition de gel<\/h2>\n<p class=\"sb-cost\">30 min 85$<\/p>\n<p>Nous introduisons les ongles en gel, en utilisant du gel de construction. Ce type de gel ajoute de la force aux ongles naturels et peut \u00e9galement cr\u00e9er de la longueur et de l'\u00e9paisseur. Il est plus l\u00e9ger et flexible que les ongles en acrylique, ce qui signifie qu'il prot\u00e8ge les ongles naturels de la casse et du soul\u00e8vement. Le gel de construction peut durer jusqu'\u00e0 2-3 semaines.<\/p>\n<\/div><\/div>\n\t\t\t<\/div>\n\t\t\t<\/div><div class=\"et_pb_column et_pb_column_1_2 et_pb_column_1  et_pb_css_mix_blend_mode_passthrough et-last-child\">\n\t\t\t\t\n\t\t\t\t\n\t\t\t\t\n\t\t\t\t\n\t\t\t\t<div class=\"et_pb_module et_pb_text et_pb_text_1  et_pb_text_align_left et_pb_bg_layout_light\">\n\t\t\t\t\n\t\t\t\t\n\t\t\t\t\n\t\t\t\t\n\t\t\t\t<div class=\"et_pb_text_inner\"><div class=\"sb-title-wrapper\">\n<h2 class=\"h4\">Classique<\/h2>\n<p class=\"sb-cost\">30 min 37.50$<\/p>\n<p>Classique avec une couche de vernis r\u00e9gulier.<\/p>\n<\/div><\/div>\n\t\t\t<\/div>\n\t\t\t<\/div>\n\t\t\t\t\n\t\t\t\t\n\t\t\t\t\n\t\t\t\t\n\t\t\t<\/div><div class=\"et_pb_row et_pb_row_1\">\n\t\t\t\t<div class=\"et_pb_column et_pb_column_1_2 et_pb_column_2  et_pb_css_mix_blend_mode_passthrough\">\n\t\t\t\t\n\t\t\t\t\n\t\t\t\t\n\t\t\t\t\n\t\t\t\t<div class=\"et_pb_module et_pb_text et_pb_text_2  et_pb_text_align_left et_pb_bg_layout_light\">\n\t\t\t\t\n\t\t\t\t\n\t\t\t\t\n\t\t\t\t\n\t\t\t\t<div class=\"et_pb_text_inner\"><div class=\"sb-title-wrapper\">\n<h2 class=\"h4\">Shellac<\/h2>\n<p class=\"sb-cost\">45 min 64$<\/p>\n<p>Manucure classique compl\u00e9t\u00e9e par un vernis Shellac Longue Dur\u00e9e. Le vernis Shellac a une finition brillante qui dure jusqu'\u00e0 3 semaines et peut \u00eatre retir\u00e9 sans outils \u00e9lectriques, pr\u00e9servant ainsi la sant\u00e9 de vos ongles.<\/p>\n<\/div><\/div>\n\t\t\t<\/div>\n\t\t\t<\/div><div class=\"et_pb_column et_pb_column_1_2 et_pb_column_3  et_pb_css_mix_blend_mode_passthrough et-last-child\">\n\t\t\t\t\n\t\t\t\t\n\t\t\t\t\n\t\t\t\t\n\t\t\t\t<div class=\"et_pb_module et_pb_text et_pb_text_3  et_pb_text_align_left et_pb_bg_layout_light\">\n\t\t\t\t\n\t\t\t\t\n\t\t\t\t\n\t\t\t\t\n\t\t\t\t<div class=\"et_pb_text_inner\"><div class=\"sb-title-wrapper\">\n<h2 class=\"h4\"><span style=\"font-weight: 400;\">Spa<\/span><\/h2>\n<p class=\"sb-cost\">45 min 60$<\/p>\n<p>La manucure spa, notre soin de manucure par excellence, offre \u00e0 vos mains un regain d'hydratation et de rajeunissement. Un gommage luxueux est utilis\u00e9 pour \u00e9liminer les cellules mortes de la peau et un masque hydratant apaisant laisse les mains soyeuses et souples.<\/p>\n<\/div><\/div>\n\t\t\t<\/div>\n\t\t\t<\/div>\n\t\t\t\t\n\t\t\t\t\n\t\t\t\t\n\t\t\t\t\n\t\t\t<\/div><div class=\"et_pb_row et_pb_row_2\">\n\t\t\t\t<div class=\"et_pb_column et_pb_column_1_2 et_pb_column_4  et_pb_css_mix_blend_mode_passthrough\">\n\t\t\t\t\n\t\t\t\t\n\t\t\t\t\n\t\t\t\t\n\t\t\t\t<div class=\"et_pb_module et_pb_text et_pb_text_4  et_pb_text_align_left et_pb_bg_layout_light\">\n\t\t\t\t\n\t\t\t\t\n\t\t\t\t\n\t\t\t\t\n\t\t\t\t<div class=\"et_pb_text_inner\"><div class=\"sb-title-wrapper\">\n<h2 class=\"h4\"><span style=\"font-weight: 400;\">Eco-Fin<\/span><\/h2>\n<p class=\"sb-cost\">45 min 58$<\/p>\n<p>\u00c9levez votre manucure classique avec un traitement \u00e0 la paraffine Eco-Fin profond\u00e9ment hydratant. Le produit Eco-Fin est un m\u00e9lange naturel d'huiles luxueuses comprenant du beurre de karit\u00e9, de l'huile de jojoba, de l'huile de noix de coco biologique, de la vitamine E et des huiles essentielles. Appliqu\u00e9 avec des gants chauffants, ce traitement oxyg\u00e8ne la peau, favorise la circulation sanguine et l'\u00e9limination des toxines, laissant les mains incroyablement lisses et souples.<\/p>\n<\/div><\/div>\n\t\t\t<\/div>\n\t\t\t<\/div><div class=\"et_pb_column et_pb_column_1_2 et_pb_column_5  et_pb_css_mix_blend_mode_passthrough et-last-child et_pb_column_empty\">\n\t\t\t\t\n\t\t\t\t\n\t\t\t\t\n\t\t\t\t\n\t\t\t\t\n\t\t\t<\/div>\n\t\t\t\t\n\t\t\t\t\n\t\t\t\t\n\t\t\t\t\n\t\t\t<\/div>\n\t\t\t\t\n\t\t\t\t\n\t\t\t<\/div><div class=\"et_pb_section et_pb_section_3 et_pb_with_background et_section_regular\" >\n\t\t\t\t\n\t\t\t\t\n\t\t\t\t\n\t\t\t\t\n\t\t\t\t\n\t\t\t\t\n\t\t\t\t<div class=\"et_pb_row et_pb_row_3\">\n\t\t\t\t<div class=\"et_pb_column et_pb_column_1_2 et_pb_column_6  et_pb_css_mix_blend_mode_passthrough\">\n\t\t\t\t\n\t\t\t\t\n\t\t\t\t\n\t\t\t\t\n\t\t\t\t<div class=\"et_pb_module et_pb_text et_pb_text_5  et_pb_text_align_left et_pb_bg_layout_light\">\n\t\t\t\t\n\t\t\t\t\n\t\t\t\t\n\t\t\t\t\n\t\t\t\t<div class=\"et_pb_text_inner\"><div class=\"sb-title-wrapper\">\n<h2 class=\"h4\">Express<\/h2>\n<p class=\"sb-cost\">30 min 48$<\/p>\n<p>Parfait pour les personnes press\u00e9es, ce soin express comprend le modelage des ongles, le soin des cuticules, une l\u00e9g\u00e8re application de cr\u00e8me hydratante et une couche de vernis \u00e0 ongles ou de vernis haute brillance.<\/p>\n<\/div><\/div>\n\t\t\t<\/div>\n\t\t\t<\/div><div class=\"et_pb_column et_pb_column_1_2 et_pb_column_7  et_pb_css_mix_blend_mode_passthrough et-last-child\">\n\t\t\t\t\n\t\t\t\t\n\t\t\t\t\n\t\t\t\t\n\t\t\t\t<div class=\"et_pb_module et_pb_text et_pb_text_6  et_pb_text_align_left et_pb_bg_layout_light\">\n\t\t\t\t\n\t\t\t\t\n\t\t\t\t\n\t\t\t\t\n\t\t\t\t<div class=\"et_pb_text_inner\"><h2>Classique<\/h2>\n<p>50 min 65$<\/p>\n<p>Notre p\u00e9dicure nourrissante classique comprend la coupe et la mise en forme des ongles, le soin des cuticules, le lissage des callosit\u00e9s, un massage relaxant rapide avec une lotion hydratante, et se termine par l'application d'un vernis \u00e0 ongles ou d'un vernis ultra-brillant.<\/p><\/div>\n\t\t\t<\/div>\n\t\t\t<\/div>\n\t\t\t\t\n\t\t\t\t\n\t\t\t\t\n\t\t\t\t\n\t\t\t<\/div><div class=\"et_pb_row et_pb_row_4\">\n\t\t\t\t<div class=\"et_pb_column et_pb_column_1_2 et_pb_column_8  et_pb_css_mix_blend_mode_passthrough\">\n\t\t\t\t\n\t\t\t\t\n\t\t\t\t\n\t\t\t\t\n\t\t\t\t<div class=\"et_pb_module et_pb_text et_pb_text_7  et_pb_text_align_left et_pb_bg_layout_light\">\n\t\t\t\t\n\t\t\t\t\n\t\t\t\t\n\t\t\t\t\n\t\t\t\t<div class=\"et_pb_text_inner\"><h2>Shellac<\/h2>\n<p>60 min 83$<\/p>\n<p>Une p\u00e9dicure classique qui se termine avec un vernis \u00e0 ongles CND Shellac longue dur\u00e9e. Le vernis Shellac pr\u00e9sente une finition brillante qui dure jusqu'\u00e0 3 semaines et peut \u00eatre retir\u00e9 sans outils \u00e9lectriques, pr\u00e9servant ainsi la sant\u00e9 de vos ongles.<\/p><\/div>\n\t\t\t<\/div>\n\t\t\t<\/div><div class=\"et_pb_column et_pb_column_1_2 et_pb_column_9  et_pb_css_mix_blend_mode_passthrough et-last-child\">\n\t\t\t\t\n\t\t\t\t\n\t\t\t\t\n\t\t\t\t\n\t\t\t\t<div class=\"et_pb_module et_pb_text et_pb_text_8  et_pb_text_align_left et_pb_bg_layout_light\">\n\t\t\t\t\n\t\t\t\t\n\t\t\t\t\n\t\t\t\t\n\t\t\t\t<div class=\"et_pb_text_inner\"><h2>Eco-Fin<\/h2>\n<p>60 min 83$<\/p>\n<p>\u00c9levez votre p\u00e9dicure classique avec un traitement \u00e0 la paraffine Eco-Fin profond\u00e9ment hydratant. Le produit Eco-Fin est un m\u00e9lange naturel d'huiles luxueuses comprenant du beurre de karit\u00e9, de l'huile de jojoba, de l'huile de noix de coco biologique, de la vitamine E et des huiles essentielles. Appliqu\u00e9 avec des gants chauffants, ce traitement oxyg\u00e8ne la peau, favorise la circulation sanguine et l'\u00e9limination des toxines, laissant les pieds incroyablement lisses et souples.<\/p><\/div>\n\t\t\t<\/div>\n\t\t\t<\/div>\n\t\t\t\t\n\t\t\t\t\n\t\t\t\t\n\t\t\t\t\n\t\t\t<\/div><div class=\"et_pb_row et_pb_row_5\">\n\t\t\t\t<div class=\"et_pb_column et_pb_column_1_2 et_pb_column_10  et_pb_css_mix_blend_mode_passthrough\">\n\t\t\t\t\n\t\t\t\t\n\t\t\t\t\n\t\t\t\t\n\t\t\t\t<div class=\"et_pb_module et_pb_text et_pb_text_9  et_pb_text_align_left et_pb_bg_layout_light\">\n\t\t\t\t\n\t\t\t\t\n\t\t\t\t\n\t\t\t\t\n\t\t\t\t<div class=\"et_pb_text_inner\"><h2><span style=\"font-weight: 400;\">Spa<\/span><\/h2>\n<p>60 min 84$<\/p>\n<p>Rehaussez votre p\u00e9dicure classique avec un gommage des pieds et un masque hydratant en profondeur qui \u00e9liminent les zones rugueuses et laissent les pieds lisses et rajeunis.<\/p><\/div>\n\t\t\t<\/div>\n\t\t\t<\/div><div class=\"et_pb_column et_pb_column_1_2 et_pb_column_11  et_pb_css_mix_blend_mode_passthrough et-last-child\">\n\t\t\t\t\n\t\t\t\t\n\t\t\t\t\n\t\t\t\t\n\t\t\t\t<div class=\"et_pb_module et_pb_text et_pb_text_10  et_pb_text_align_left et_pb_bg_layout_light\">\n\t\t\t\t\n\t\t\t\t\n\t\t\t\t\n\t\t\t\t\n\t\t\t\t<div class=\"et_pb_text_inner\"><h2><span style=\"font-weight: 400;\">Royal Aqua Spa<\/span><\/h2>\n<p>90 min 100$<\/p>\n<p>Offrez \u00e0 vos pieds l'exp\u00e9rience ultime du spa. Ce traitement luxueux comprend une p\u00e9dicure classique, une exfoliation r\u00e9guli\u00e8re et un traitement \u00e0 l'\u00e9co-fin pour nourrir la peau en profondeur. Vous terminerez par un massage des pieds aux pierres chaudes pour apaiser les pieds fatigu\u00e9s et tendus et am\u00e9liorer la circulation de l'\u00e9nergie.<\/p><\/div>\n\t\t\t<\/div>\n\t\t\t<\/div>\n\t\t\t\t\n\t\t\t\t\n\t\t\t\t\n\t\t\t\t\n\t\t\t<\/div><div class=\"et_pb_row et_pb_row_6\">\n\t\t\t\t<div class=\"et_pb_column et_pb_column_1_2 et_pb_column_12  et_pb_css_mix_blend_mode_passthrough\">\n\t\t\t\t\n\t\t\t\t\n\t\t\t\t\n\t\t\t\t\n\t\t\t\t<div class=\"et_pb_module et_pb_text et_pb_text_11  et_pb_text_align_left et_pb_bg_layout_light\">\n\t\t\t\t\n\t\t\t\t\n\t\t\t\t\n\t\t\t\t\n\t\t\t\t<div class=\"et_pb_text_inner\"><h2>P\u00e9dicure avanc\u00e9e<\/h2>\n<p>115$<\/p>\n<p>Une p\u00e9dicure sp\u00e9cialis\u00e9e con\u00e7ue pour traiter les ongles incarn\u00e9s, les oignons, les callosit\u00e9s et les ongles \u00e9pais. Les pieds sont trait\u00e9s pour des probl\u00e8mes sp\u00e9cifiques par un podologue certifi\u00e9, suivi d'une l\u00e9g\u00e8re application de cr\u00e8me hydratante. Un re\u00e7u d'assurance est disponible sur demande.<\/p>\n<p>*Veuillez prendre note que ce service ne comprend aucune application de vernis. Si vous souhaitez l\u2019application d\u2019un vernis, veuillez r\u00e9server un changement de vernis s\u00e9par\u00e9ment. Le co\u00fbt de l\u2019application de vernis ne pourra cependant pas \u00eatre ajout\u00e9 \u00e0 votre re\u00e7u d\u2019assurance.<\/p><\/div>\n\t\t\t<\/div>\n\t\t\t<\/div><div class=\"et_pb_column et_pb_column_1_2 et_pb_column_13  et_pb_css_mix_blend_mode_passthrough et-last-child et_pb_column_empty\">\n\t\t\t\t\n\t\t\t\t\n\t\t\t\t\n\t\t\t\t\n\t\t\t\t\n\t\t\t<\/div>\n\t\t\t\t\n\t\t\t\t\n\t\t\t\t\n\t\t\t\t\n\t\t\t<\/div>\n\t\t\t\t\n\t\t\t\t\n\t\t\t<\/div><div class=\"et_pb_section et_pb_section_5 et_pb_with_background et_section_regular\" >\n\t\t\t\t\n\t\t\t\t\n\t\t\t\t\n\t\t\t\t\n\t\t\t\t\n\t\t\t\t\n\t\t\t\t<div class=\"et_pb_row et_pb_row_7\">\n\t\t\t\t<div class=\"et_pb_column et_pb_column_1_2 et_pb_column_14  et_pb_css_mix_blend_mode_passthrough\">\n\t\t\t\t\n\t\t\t\t\n\t\t\t\t\n\t\t\t\t\n\t\t\t\t<div class=\"et_pb_module et_pb_text et_pb_text_13  et_pb_text_align_left et_pb_bg_layout_light\">\n\t\t\t\t\n\t\t\t\t\n\t\t\t\t\n\t\t\t\t\n\t\t\t\t<div class=\"et_pb_text_inner\"><div class=\"sb-title-wrapper\">\n<h2 class=\"h4\">Extra vernis Shellac<\/h2>\n<p class=\"sb-cost\">30 min 25$<\/p>\n<p>Prolongez la dur\u00e9e de votre manucure ou de votre p\u00e9dicure avec le vernis \u00e0 ongles Shellac q ui ne pr\u00e9sente aucun temps de s\u00e9chage et n'ab\u00eeme pas les ongles de votre manucure.<\/p>\n<\/div><\/div>\n\t\t\t<\/div>\n\t\t\t<\/div><div class=\"et_pb_column et_pb_column_1_2 et_pb_column_15  et_pb_css_mix_blend_mode_passthrough et-last-child\">\n\t\t\t\t\n\t\t\t\t\n\t\t\t\t\n\t\t\t\t\n\t\t\t\t<div class=\"et_pb_module et_pb_text et_pb_text_14  et_pb_text_align_left et_pb_bg_layout_light\">\n\t\t\t\t\n\t\t\t\t\n\t\t\t\t\n\t\t\t\t\n\t\t\t\t<div class=\"et_pb_text_inner\"><h2>Changement de vernis (mains ou pieds)<\/h2>\n<p>15 min 27.50$<\/p>\n<p>Une mise en beaut\u00e9 rapide avec limage des ongles et application d'un vernis r\u00e9gulier pour un look impeccable en un rien de temps.<\/p><\/div>\n\t\t\t<\/div>\n\t\t\t<\/div>\n\t\t\t\t\n\t\t\t\t\n\t\t\t\t\n\t\t\t\t\n\t\t\t<\/div><div class=\"et_pb_row et_pb_row_8\">\n\t\t\t\t<div class=\"et_pb_column et_pb_column_1_2 et_pb_column_16  et_pb_css_mix_blend_mode_passthrough\">\n\t\t\t\t\n\t\t\t\t\n\t\t\t\t\n\t\t\t\t\n\t\t\t\t<div class=\"et_pb_module et_pb_text et_pb_text_15  et_pb_text_align_left et_pb_bg_layout_light\">\n\t\t\t\t\n\t\t\t\t\n\t\t\t\t\n\t\t\t\t\n\t\t\t\t<div class=\"et_pb_text_inner\"><h2>Dissolution vernis shellac<\/h2>\n<p>15-30 min 25$-32$<\/p>\n<p>Dissolvez votre manucure ou p\u00e9dicure Shellac.<\/p><\/div>\n\t\t\t<\/div>\n\t\t\t<\/div><div class=\"et_pb_column et_pb_column_1_2 et_pb_column_17  et_pb_css_mix_blend_mode_passthrough et-last-child et_pb_column_empty\">\n\t\t\t\t\n\t\t\t\t\n\t\t\t\t\n\t\t\t\t\n\t\t\t\t\n\t\t\t<\/div>\n\t\t\t\t\n\t\t\t\t\n\t\t\t\t\n\t\t\t\t\n\t\t\t<\/div>\n\t\t\t\t\n\t\t\t\t\n\t\t\t<\/div><\/p>\n","protected":false},"author":11,"featured_media":0,"parent":2249,"menu_order":0,"comment_status":"closed","ping_status":"closed","template":"","meta":{"_et_pb_use_builder":"on","_et_pb_old_content":"","_et_gb_content_width":"","footnotes":""},"class_list":["post-2261","page","type-page","status-publish","hentry"],"yoast_head":"<!-- This site is optimized with the Yoast SEO plugin v26.6 - https:\/\/yoast.com\/wordpress\/plugins\/seo\/ -->\n<title>Beaut\u00e9 des ongles - Aqua Spa Lyne Giroux<\/title>\n<meta name=\"robots\" content=\"index, follow, max-snippet:-1, max-image-preview:large, max-video-preview:-1\" \/>\n<link rel=\"canonical\" href=\"https:\/\/aquaspalg.com\/fr\/nos-soins\/beaute-des-ongles\/\" \/>\n<meta property=\"og:locale\" content=\"fr_FR\" \/>\n<meta property=\"og:type\" content=\"article\" \/>\n<meta property=\"og:title\" content=\"Beaut\u00e9 des ongles - Aqua Spa Lyne Giroux\" \/>\n<meta property=\"og:description\" content=\"Soins des ongles\" \/>\n<meta property=\"og:url\" content=\"https:\/\/aquaspalg.com\/fr\/nos-soins\/beaute-des-ongles\/\" \/>\n<meta property=\"og:site_name\" content=\"Aqua Spa Lyne Giroux\" \/>\n<meta property=\"article:publisher\" content=\"https:\/\/www.facebook.com\/aquaspalynegiroux\/\" \/>\n<meta property=\"article:modified_time\" content=\"2025-12-05T21:08:40+00:00\" \/>\n<meta property=\"og:image\" content=\"https:\/\/aquaspalg.com\/wp-content\/uploads\/2025\/01\/Aqua-Spa.jpg\" \/>\n\t<meta property=\"og:image:width\" content=\"1280\" \/>\n\t<meta property=\"og:image:height\" content=\"720\" \/>\n\t<meta property=\"og:image:type\" content=\"image\/jpeg\" \/>\n<meta name=\"twitter:card\" content=\"summary_large_image\" \/>\n<meta name=\"twitter:label1\" content=\"Dur\u00e9e de lecture estim\u00e9e\" \/>\n\t<meta name=\"twitter:data1\" content=\"4 minutes\" \/>\n<script type=\"application\/ld+json\" class=\"yoast-schema-graph\">{\"@context\":\"https:\/\/schema.org\",\"@graph\":[{\"@type\":\"WebPage\",\"@id\":\"https:\/\/aquaspalg.com\/fr\/nos-soins\/beaute-des-ongles\/\",\"url\":\"https:\/\/aquaspalg.com\/fr\/nos-soins\/beaute-des-ongles\/\",\"name\":\"Beaut\u00e9 des ongles - Aqua Spa Lyne Giroux\",\"isPartOf\":{\"@id\":\"https:\/\/aquaspalg.com\/fr\/#website\"},\"datePublished\":\"2022-07-15T17:54:05+00:00\",\"dateModified\":\"2025-12-05T21:08:40+00:00\",\"breadcrumb\":{\"@id\":\"https:\/\/aquaspalg.com\/fr\/nos-soins\/beaute-des-ongles\/#breadcrumb\"},\"inLanguage\":\"fr-FR\",\"potentialAction\":[{\"@type\":\"ReadAction\",\"target\":[\"https:\/\/aquaspalg.com\/fr\/nos-soins\/beaute-des-ongles\/\"]}]},{\"@type\":\"BreadcrumbList\",\"@id\":\"https:\/\/aquaspalg.com\/fr\/nos-soins\/beaute-des-ongles\/#breadcrumb\",\"itemListElement\":[{\"@type\":\"ListItem\",\"position\":1,\"name\":\"Home\",\"item\":\"https:\/\/aquaspalg.com\/fr\/\"},{\"@type\":\"ListItem\",\"position\":2,\"name\":\"Nos soins\",\"item\":\"https:\/\/aquaspalg.com\/fr\/nos-soins\/\"},{\"@type\":\"ListItem\",\"position\":3,\"name\":\"Beaut\u00e9 des ongles\"}]},{\"@type\":\"WebSite\",\"@id\":\"https:\/\/aquaspalg.com\/fr\/#website\",\"url\":\"https:\/\/aquaspalg.com\/fr\/\",\"name\":\"Aqua Spa Lyne Giroux\",\"description\":\"A unique experience in Montreal\u2019s West Island.\",\"potentialAction\":[{\"@type\":\"SearchAction\",\"target\":{\"@type\":\"EntryPoint\",\"urlTemplate\":\"https:\/\/aquaspalg.com\/fr\/?s={search_term_string}\"},\"query-input\":{\"@type\":\"PropertyValueSpecification\",\"valueRequired\":true,\"valueName\":\"search_term_string\"}}],\"inLanguage\":\"fr-FR\"}]}<\/script>\n<!-- \/ Yoast SEO plugin. -->","yoast_head_json":{"title":"Beaut\u00e9 des ongles - Aqua Spa Lyne Giroux","robots":{"index":"index","follow":"follow","max-snippet":"max-snippet:-1","max-image-preview":"max-image-preview:large","max-video-preview":"max-video-preview:-1"},"canonical":"https:\/\/aquaspalg.com\/fr\/nos-soins\/beaute-des-ongles\/","og_locale":"fr_FR","og_type":"article","og_title":"Beaut\u00e9 des ongles - Aqua Spa Lyne Giroux","og_description":"Soins des ongles","og_url":"https:\/\/aquaspalg.com\/fr\/nos-soins\/beaute-des-ongles\/","og_site_name":"Aqua Spa Lyne Giroux","article_publisher":"https:\/\/www.facebook.com\/aquaspalynegiroux\/","article_modified_time":"2025-12-05T21:08:40+00:00","og_image":[{"width":1280,"height":720,"url":"https:\/\/aquaspalg.com\/wp-content\/uploads\/2025\/01\/Aqua-Spa.jpg","type":"image\/jpeg"}],"twitter_card":"summary_large_image","twitter_misc":{"Dur\u00e9e de lecture estim\u00e9e":"4 minutes"},"schema":{"@context":"https:\/\/schema.org","@graph":[{"@type":"WebPage","@id":"https:\/\/aquaspalg.com\/fr\/nos-soins\/beaute-des-ongles\/","url":"https:\/\/aquaspalg.com\/fr\/nos-soins\/beaute-des-ongles\/","name":"Beaut\u00e9 des ongles - Aqua Spa Lyne Giroux","isPartOf":{"@id":"https:\/\/aquaspalg.com\/fr\/#website"},"datePublished":"2022-07-15T17:54:05+00:00","dateModified":"2025-12-05T21:08:40+00:00","breadcrumb":{"@id":"https:\/\/aquaspalg.com\/fr\/nos-soins\/beaute-des-ongles\/#breadcrumb"},"inLanguage":"fr-FR","potentialAction":[{"@type":"ReadAction","target":["https:\/\/aquaspalg.com\/fr\/nos-soins\/beaute-des-ongles\/"]}]},{"@type":"BreadcrumbList","@id":"https:\/\/aquaspalg.com\/fr\/nos-soins\/beaute-des-ongles\/#breadcrumb","itemListElement":[{"@type":"ListItem","position":1,"name":"Home","item":"https:\/\/aquaspalg.com\/fr\/"},{"@type":"ListItem","position":2,"name":"Nos soins","item":"https:\/\/aquaspalg.com\/fr\/nos-soins\/"},{"@type":"ListItem","position":3,"name":"Beaut\u00e9 des ongles"}]},{"@type":"WebSite","@id":"https:\/\/aquaspalg.com\/fr\/#website","url":"https:\/\/aquaspalg.com\/fr\/","name":"Aqua Spa Lyne Giroux","description":"A unique experience in Montreal\u2019s West Island.","potentialAction":[{"@type":"SearchAction","target":{"@type":"EntryPoint","urlTemplate":"https:\/\/aquaspalg.com\/fr\/?s={search_term_string}"},"query-input":{"@type":"PropertyValueSpecification","valueRequired":true,"valueName":"search_term_string"}}],"inLanguage":"fr-FR"}]}},"_links":{"self":[{"href":"https:\/\/aquaspalg.com\/fr\/wp-json\/wp\/v2\/pages\/2261","targetHints":{"allow":["GET"]}}],"collection":[{"href":"https:\/\/aquaspalg.com\/fr\/wp-json\/wp\/v2\/pages"}],"about":[{"href":"https:\/\/aquaspalg.com\/fr\/wp-json\/wp\/v2\/types\/page"}],"author":[{"embeddable":true,"href":"https:\/\/aquaspalg.com\/fr\/wp-json\/wp\/v2\/users\/11"}],"replies":[{"embeddable":true,"href":"https:\/\/aquaspalg.com\/fr\/wp-json\/wp\/v2\/comments?post=2261"}],"version-history":[{"count":0,"href":"https:\/\/aquaspalg.com\/fr\/wp-json\/wp\/v2\/pages\/2261\/revisions"}],"up":[{"embeddable":true,"href":"https:\/\/aquaspalg.com\/fr\/wp-json\/wp\/v2\/pages\/2249"}],"wp:attachment":[{"href":"https:\/\/aquaspalg.com\/fr\/wp-json\/wp\/v2\/media?parent=2261"}],"curies":[{"name":"wp","href":"https:\/\/api.w.org\/{rel}","templated":true}]}}