{"id":2245,"date":"2022-06-21T10:04:41","date_gmt":"2022-06-21T14:04:41","guid":{"rendered":"https:\/\/aquaspa1.wpenginepowered.com\/hair-removal\/"},"modified":"2025-12-02T16:40:51","modified_gmt":"2025-12-02T20:40:51","slug":"epilation","status":"publish","type":"page","link":"https:\/\/aquaspalg.com\/fr\/nos-soins\/epilation\/","title":{"rendered":"\u00c9pilation"},"content":{"rendered":"<p>[et_pb_section fb_built=\u00a0\u00bb1&Prime; disabled_on=\u00a0\u00bbon|on|on\u00a0\u00bb _builder_version=\u00a0\u00bb4.17.4&Prime; _module_preset=\u00a0\u00bbdefault\u00a0\u00bb background_image=\u00a0\u00bbhttps:\/\/aquaspalg.com\/wp-content\/uploads\/2022\/06\/beauty-treatments2.jpg\u00a0\u00bb background_size=\u00a0\u00bbcustom\u00a0\u00bb background_image_width=\u00a0\u00bb90%\u00a0\u00bb height=\u00a0\u00bb80vh\u00a0\u00bb custom_margin=\u00a0\u00bb||||false|false\u00a0\u00bb custom_padding=\u00a0\u00bb170px|60px|150px|60px|false|true\u00a0\u00bb bottom_divider_height=\u00a0\u00bb35px\u00a0\u00bb bottom_divider_repeat=\u00a0\u00bb1x\u00a0\u00bb bottom_divider_flip=\u00a0\u00bbvertical\u00a0\u00bb disabled=\u00a0\u00bbon\u00a0\u00bb global_colors_info=\u00a0\u00bb{}\u00a0\u00bb][et_pb_row _builder_version=\u00a0\u00bb4.17.4&Prime; _module_preset=\u00a0\u00bbdefault\u00a0\u00bb custom_padding=\u00a0\u00bb60px||||false|false\u00a0\u00bb global_colors_info=\u00a0\u00bb{}\u00a0\u00bb][et_pb_column type=\u00a0\u00bb4_4&Prime; _builder_version=\u00a0\u00bb4.17.4&Prime; _module_preset=\u00a0\u00bbdefault\u00a0\u00bb global_colors_info=\u00a0\u00bb{}\u00a0\u00bb][et_pb_text _builder_version=\u00a0\u00bb4.17.4&Prime; _module_preset=\u00a0\u00bbdefault\u00a0\u00bb text_text_color=\u00a0\u00bb#FFFFFF\u00a0\u00bb text_font_size=\u00a0\u00bb78px\u00a0\u00bb header_font=\u00a0\u00bbCervo medium|||on|||||\u00a0\u00bb header_text_align=\u00a0\u00bbcenter\u00a0\u00bb header_text_color=\u00a0\u00bb#FFFFFF\u00a0\u00bb header_font_size=\u00a0\u00bb50px\u00a0\u00bb custom_padding=\u00a0\u00bb130px||||false|false\u00a0\u00bb custom_css_main_element=\u00a0\u00bbtext-shadow: 2px 2px 0 rgb(0 0 0 \/ 8%);\u00a0\u00bb global_colors_info=\u00a0\u00bb{}\u00a0\u00bb]<\/p>\n<h1>BEAUTY TREATMENTS<\/h1>\n<p>[\/et_pb_text][et_pb_divider color=\u00a0\u00bb#FFFFFF\u00a0\u00bb divider_weight=\u00a0\u00bb4px\u00a0\u00bb disabled_on=\u00a0\u00bbon|on|on\u00a0\u00bb _builder_version=\u00a0\u00bb4.17.4&Prime; _module_preset=\u00a0\u00bbdefault\u00a0\u00bb max_width=\u00a0\u00bb100px\u00a0\u00bb module_alignment=\u00a0\u00bbcenter\u00a0\u00bb disabled=\u00a0\u00bbon\u00a0\u00bb global_colors_info=\u00a0\u00bb{}\u00a0\u00bb][\/et_pb_divider][\/et_pb_column][\/et_pb_row][\/et_pb_section][et_pb_section fb_built=\u00a0\u00bb1&Prime; custom_padding_last_edited=\u00a0\u00bbon|tablet\u00a0\u00bb _builder_version=\u00a0\u00bb4.17.4&Prime; _module_preset=\u00a0\u00bbdefault\u00a0\u00bb custom_padding=\u00a0\u00bb140px||0px||false|false\u00a0\u00bb custom_padding_tablet=\u00a0\u00bb90px||0px||false|false\u00a0\u00bb custom_padding_phone=\u00a0\u00bb90px||0px||false|false\u00a0\u00bb global_colors_info=\u00a0\u00bb{}\u00a0\u00bb][et_pb_row _builder_version=\u00a0\u00bb4.18.0&Prime; _module_preset=\u00a0\u00bbdefault\u00a0\u00bb background_image=\u00a0\u00bbhttps:\/\/aquaspalg.com\/wp-content\/uploads\/2022\/08\/shutterstock_619562813-1-min-scaled.jpg\u00a0\u00bb global_colors_info=\u00a0\u00bb{}\u00a0\u00bb][et_pb_column type=\u00a0\u00bb4_4&Prime; _builder_version=\u00a0\u00bb4.17.4&Prime; _module_preset=\u00a0\u00bbdefault\u00a0\u00bb global_colors_info=\u00a0\u00bb{}\u00a0\u00bb][et_pb_text _builder_version=\u00a0\u00bb4.17.4&Prime; _module_preset=\u00a0\u00bbdefault\u00a0\u00bb text_text_color=\u00a0\u00bb#FFFFFF\u00a0\u00bb text_font_size=\u00a0\u00bb78px\u00a0\u00bb header_font=\u00a0\u00bbCervo medium|||on|||||\u00a0\u00bb header_text_align=\u00a0\u00bbcenter\u00a0\u00bb header_text_color=\u00a0\u00bb#FFFFFF\u00a0\u00bb header_font_size=\u00a0\u00bb50px\u00a0\u00bb custom_padding=\u00a0\u00bb174px||100px||false|false\u00a0\u00bb custom_padding_tablet=\u00a0\u00bb100px||100px||false|false\u00a0\u00bb custom_padding_phone=\u00a0\u00bb100px||100px||false|false\u00a0\u00bb custom_padding_last_edited=\u00a0\u00bbon|phone\u00a0\u00bb header_font_size_tablet=\u00a0\u00bb50px\u00a0\u00bb header_font_size_phone=\u00a0\u00bb46px\u00a0\u00bb header_font_size_last_edited=\u00a0\u00bbon|phone\u00a0\u00bb custom_css_main_element=\u00a0\u00bbtext-shadow: 2px 2px 0 rgb(0 0 0 \/ 8%);\u00a0\u00bb locked=\u00a0\u00bboff\u00a0\u00bb global_colors_info=\u00a0\u00bb{}\u00a0\u00bb]<\/p>\n<h1>\u00c9PILATION<\/h1>\n<p>[\/et_pb_text][\/et_pb_column][\/et_pb_row][\/et_pb_section][et_pb_section fb_built=\u00a0\u00bb1&Prime; disabled_on=\u00a0\u00bboff|off|off\u00a0\u00bb _builder_version=\u00a0\u00bb4.17.4&Prime; _module_preset=\u00a0\u00bbdefault\u00a0\u00bb background_color=\u00a0\u00bb#fcfcfc\u00a0\u00bb custom_padding=\u00a0\u00bb||0px||false|false\u00a0\u00bb global_colors_info=\u00a0\u00bb{}\u00a0\u00bb][et_pb_row custom_padding_last_edited=\u00a0\u00bbon|tablet\u00a0\u00bb admin_label=\u00a0\u00bbRow\u00a0\u00bb _builder_version=\u00a0\u00bb4.17.4&Prime; _module_preset=\u00a0\u00bbdefault\u00a0\u00bb custom_padding=\u00a0\u00bb||0px||false|false\u00a0\u00bb custom_padding_tablet=\u00a0\u00bb||30px||false|false\u00a0\u00bb custom_padding_phone=\u00a0\u00bb||30px||false|false\u00a0\u00bb collapsed=\u00a0\u00bboff\u00a0\u00bb global_colors_info=\u00a0\u00bb{}\u00a0\u00bb][et_pb_column type=\u00a0\u00bb4_4&Prime; _builder_version=\u00a0\u00bb4.17.4&Prime; _module_preset=\u00a0\u00bbdefault\u00a0\u00bb global_colors_info=\u00a0\u00bb{}\u00a0\u00bb][et_pb_tabs module_class=\u00a0\u00bbservice-tab\u00a0\u00bb _builder_version=\u00a0\u00bb4.27.0&Prime; _module_preset=\u00a0\u00bbdefault\u00a0\u00bb tab_font=\u00a0\u00bbCervo medium||||||||\u00a0\u00bb tab_font_size=\u00a0\u00bb26px\u00a0\u00bb background_color=\u00a0\u00bb#fcfcfc\u00a0\u00bb custom_css_tabs_controls=\u00a0\u00bbbackground: transparent!important;\u00a0\u00bb custom_css_tab=\u00a0\u00bbborder: none!important;\u00a0\u00bb custom_css_active_tab=\u00a0\u00bbborder-bottom: 2px solid #222!important;\u00a0\u00bb border_width_all=\u00a0\u00bb0px\u00a0\u00bb global_colors_info=\u00a0\u00bb{}\u00a0\u00bb][et_pb_tab title=\u00a0\u00bb\u00c9PILATION \u00c0 LA CIRE\u00a0\u00bb _builder_version=\u00a0\u00bb4.27.0&Prime; _module_preset=\u00a0\u00bbdefault\u00a0\u00bb global_colors_info=\u00a0\u00bb{}\u00a0\u00bb]<\/p>\n<p><span style=\"font-weight: 400;\">R\u00e9v\u00e9lez une peau lisse et \u00e9clatante gr\u00e2ce aux services d&rsquo;\u00e9pilation \u00e0 la cire de l&rsquo;Aqua Spa. Nos techniciens ont mis au point des techniques sp\u00e9cialis\u00e9es pour que les traitements soient aussi rapides et indolores que possible. Selon la sensibilit\u00e9 de la peau, de la cire ti\u00e8de ou chaude est utilis\u00e9e pour \u00e9liminer les poils directement \u00e0 la racine, avec des r\u00e9sultats qui durent jusqu&rsquo;\u00e0 4 semaines.<\/span><\/p>\n[et_pb_section global_module=\"1979\"][\/et_pb_section]\n<p>[\/et_pb_tab][et_pb_tab title=\u00a0\u00bb\u00c9PILATION AU LASER\u00a0\u00bb _builder_version=\u00a0\u00bb4.27.0&Prime; _module_preset=\u00a0\u00bbdefault\u00a0\u00bb global_colors_info=\u00a0\u00bb{}\u00a0\u00bb]<\/p>\n<p><span style=\"font-weight: 400;\">Profitez d&rsquo;une peau lisse et sans poils de mani\u00e8re permanente gr\u00e2ce \u00e0 des traitements d&rsquo;\u00e9pilation au laser abordables et efficaces. L\u2019Aqua Spa utilise les lasers de fine pointe Lightsheer Duet, un syst\u00e8me laser tr\u00e8s avanc\u00e9 qui est plus s\u00fbr, plus rapide, plus efficace et plus confortable &#8211; avec la possibilit\u00e9 de traiter de grandes surfaces en moins de 15 minutes. Nous sugg\u00e9rons g\u00e9n\u00e9ralement 6 \u00e0 10 traitements pour une \u00e9pilation compl\u00e8te. Une consultation est n\u00e9cessaire au pr\u00e9alable.<\/span><\/p>\n<p><strong>\u00c0 partir de : 55$<\/strong><\/p>\n<p>&nbsp;<\/p>\n<p>[\/et_pb_tab][et_pb_tab title=\u00a0\u00bbENFILAGE\u00a0\u00bb _builder_version=\u00a0\u00bb4.22.2&Prime; _module_preset=\u00a0\u00bbdefault\u00a0\u00bb global_colors_info=\u00a0\u00bb{}\u00a0\u00bb]<\/p>\n<p><span style=\"font-weight: 400;\">L&rsquo;art de l&rsquo;\u00e9pilation au fil permet de cr\u00e9er une forme de sourcils d\u00e9finie et pr\u00e9cise, avec une pr\u00e9cision accrue. Contrairement \u00e0 l&rsquo;\u00e9pilation \u00e0 la pince, qui consiste \u00e0 arracher les poils un par un, l&rsquo;\u00e9pilation au fil permet de retirer de courtes rang\u00e9es de poils, ce qui ajoute de la d\u00e9finition. Il peut \u00e9galement \u00eatre utilis\u00e9 pour \u00e9liminer les poils ind\u00e9sirables sur toute autre zone du visage.<\/span><\/p>\n<p><strong>Sourcils : 26<\/strong><\/p>\n<p><strong>L\u00e8vre sup\u00e9rieure ou menton : 22<\/strong><\/p>\n<p><strong>Sourcils et l\u00e8vre sup\u00e9rieure 37<\/strong><\/p>\n<p><strong>L\u00e8vre sup\u00e9rieure et menton 35<\/strong><\/p>\n<p>&nbsp;<\/p>\n<p>[\/et_pb_tab][et_pb_tab title=\u00a0\u00bb\u00c9LECTROLYSE\u00a0\u00bb _builder_version=\u00a0\u00bb4.27.0&Prime; _module_preset=\u00a0\u00bbdefault\u00a0\u00bb global_colors_info=\u00a0\u00bb{}\u00a0\u00bb]<\/p>\n<p><strong><span class=\"time\">5 min :<\/span> 22<span class=\"price\">$ | <\/span><span class=\"time\">10 min :<\/span> <span class=\"price\">27.50$ | <\/span><span class=\"time\">15 min :<\/span> 35<span class=\"price\">$<\/span><\/strong><\/p>\n<p><strong><span class=\"time\">20 min :<\/span> <span class=\"price\">40$ | <\/span><span class=\"time\">30 min :<\/span> <span class=\"price\">50$ | <\/span><span class=\"time\">45 min :<\/span> 70<span class=\"price\">.00$<\/span><\/strong><\/p>\n<p><strong><span class=\"time\">60 min :<\/span> 85<span class=\"price\">$ | <\/span><span class=\"time\">90 min :<\/span> <span class=\"price\">120$<\/span><\/strong><\/p>\n<p>&nbsp;<\/p>\n<p>[\/et_pb_tab][\/et_pb_tabs][\/et_pb_column][\/et_pb_row][\/et_pb_section]<\/p>\n","protected":false},"excerpt":{"rendered":"<p>BEAUTY TREATMENTS\u00c9PILATIONR\u00e9v\u00e9lez une peau lisse et \u00e9clatante gr\u00e2ce aux services d&rsquo;\u00e9pilation \u00e0 la cire de l&rsquo;Aqua Spa. Nos techniciens ont mis au point des techniques sp\u00e9cialis\u00e9es pour que les traitements soient aussi rapides et indolores que possible. Selon la sensibilit\u00e9 de la peau, de la cire ti\u00e8de ou chaude est utilis\u00e9e pour \u00e9liminer les poils [&hellip;]<\/p>\n","protected":false},"author":11,"featured_media":0,"parent":2249,"menu_order":0,"comment_status":"closed","ping_status":"closed","template":"","meta":{"_et_pb_use_builder":"on","_et_pb_old_content":"","_et_gb_content_width":"","footnotes":""},"class_list":["post-2245","page","type-page","status-publish","hentry"],"yoast_head":"<!-- This site is optimized with the Yoast SEO plugin v26.6 - https:\/\/yoast.com\/wordpress\/plugins\/seo\/ -->\n<title>\u00c9pilation - Aqua Spa Lyne Giroux<\/title>\n<meta name=\"robots\" content=\"index, follow, max-snippet:-1, max-image-preview:large, max-video-preview:-1\" \/>\n<link rel=\"canonical\" href=\"https:\/\/aquaspalg.com\/fr\/nos-soins\/epilation\/\" \/>\n<meta property=\"og:locale\" content=\"fr_FR\" \/>\n<meta property=\"og:type\" content=\"article\" \/>\n<meta property=\"og:title\" content=\"\u00c9pilation - Aqua Spa Lyne Giroux\" \/>\n<meta property=\"og:description\" content=\"BEAUTY TREATMENTS\u00c9PILATIONR\u00e9v\u00e9lez une peau lisse et \u00e9clatante gr\u00e2ce aux services d&#039;\u00e9pilation \u00e0 la cire de l&#039;Aqua Spa. Nos techniciens ont mis au point des techniques sp\u00e9cialis\u00e9es pour que les traitements soient aussi rapides et indolores que possible. Selon la sensibilit\u00e9 de la peau, de la cire ti\u00e8de ou chaude est utilis\u00e9e pour \u00e9liminer les poils [&hellip;]\" \/>\n<meta property=\"og:url\" content=\"https:\/\/aquaspalg.com\/fr\/nos-soins\/epilation\/\" \/>\n<meta property=\"og:site_name\" content=\"Aqua Spa Lyne Giroux\" \/>\n<meta property=\"article:publisher\" content=\"https:\/\/www.facebook.com\/aquaspalynegiroux\/\" \/>\n<meta property=\"article:modified_time\" content=\"2025-12-02T20:40:51+00:00\" \/>\n<meta property=\"og:image\" content=\"https:\/\/aquaspalg.com\/wp-content\/uploads\/2025\/01\/Aqua-Spa.jpg\" \/>\n\t<meta property=\"og:image:width\" content=\"1280\" \/>\n\t<meta property=\"og:image:height\" content=\"720\" \/>\n\t<meta property=\"og:image:type\" content=\"image\/jpeg\" \/>\n<meta name=\"twitter:card\" content=\"summary_large_image\" \/>\n<meta name=\"twitter:label1\" content=\"Dur\u00e9e de lecture estim\u00e9e\" \/>\n\t<meta name=\"twitter:data1\" content=\"2 minutes\" \/>\n<script type=\"application\/ld+json\" class=\"yoast-schema-graph\">{\"@context\":\"https:\/\/schema.org\",\"@graph\":[{\"@type\":\"WebPage\",\"@id\":\"https:\/\/aquaspalg.com\/fr\/nos-soins\/epilation\/\",\"url\":\"https:\/\/aquaspalg.com\/fr\/nos-soins\/epilation\/\",\"name\":\"\u00c9pilation - Aqua Spa Lyne Giroux\",\"isPartOf\":{\"@id\":\"https:\/\/aquaspalg.com\/#website\"},\"datePublished\":\"2022-06-21T14:04:41+00:00\",\"dateModified\":\"2025-12-02T20:40:51+00:00\",\"breadcrumb\":{\"@id\":\"https:\/\/aquaspalg.com\/fr\/nos-soins\/epilation\/#breadcrumb\"},\"inLanguage\":\"fr-FR\",\"potentialAction\":[{\"@type\":\"ReadAction\",\"target\":[\"https:\/\/aquaspalg.com\/fr\/nos-soins\/epilation\/\"]}]},{\"@type\":\"BreadcrumbList\",\"@id\":\"https:\/\/aquaspalg.com\/fr\/nos-soins\/epilation\/#breadcrumb\",\"itemListElement\":[{\"@type\":\"ListItem\",\"position\":1,\"name\":\"Home\",\"item\":\"https:\/\/aquaspalg.com\/fr\/\"},{\"@type\":\"ListItem\",\"position\":2,\"name\":\"Nos soins\",\"item\":\"https:\/\/aquaspalg.com\/fr\/nos-soins\/\"},{\"@type\":\"ListItem\",\"position\":3,\"name\":\"\u00c9pilation\"}]},{\"@type\":\"WebSite\",\"@id\":\"https:\/\/aquaspalg.com\/#website\",\"url\":\"https:\/\/aquaspalg.com\/\",\"name\":\"Aqua Spa Lyne Giroux\",\"description\":\"A unique experience in Montreal\u2019s West Island.\",\"potentialAction\":[{\"@type\":\"SearchAction\",\"target\":{\"@type\":\"EntryPoint\",\"urlTemplate\":\"https:\/\/aquaspalg.com\/?s={search_term_string}\"},\"query-input\":{\"@type\":\"PropertyValueSpecification\",\"valueRequired\":true,\"valueName\":\"search_term_string\"}}],\"inLanguage\":\"fr-FR\"}]}<\/script>\n<!-- \/ Yoast SEO plugin. -->","yoast_head_json":{"title":"\u00c9pilation - Aqua Spa Lyne Giroux","robots":{"index":"index","follow":"follow","max-snippet":"max-snippet:-1","max-image-preview":"max-image-preview:large","max-video-preview":"max-video-preview:-1"},"canonical":"https:\/\/aquaspalg.com\/fr\/nos-soins\/epilation\/","og_locale":"fr_FR","og_type":"article","og_title":"\u00c9pilation - Aqua Spa Lyne Giroux","og_description":"BEAUTY TREATMENTS\u00c9PILATIONR\u00e9v\u00e9lez une peau lisse et \u00e9clatante gr\u00e2ce aux services d'\u00e9pilation \u00e0 la cire de l'Aqua Spa. Nos techniciens ont mis au point des techniques sp\u00e9cialis\u00e9es pour que les traitements soient aussi rapides et indolores que possible. Selon la sensibilit\u00e9 de la peau, de la cire ti\u00e8de ou chaude est utilis\u00e9e pour \u00e9liminer les poils [&hellip;]","og_url":"https:\/\/aquaspalg.com\/fr\/nos-soins\/epilation\/","og_site_name":"Aqua Spa Lyne Giroux","article_publisher":"https:\/\/www.facebook.com\/aquaspalynegiroux\/","article_modified_time":"2025-12-02T20:40:51+00:00","og_image":[{"width":1280,"height":720,"url":"https:\/\/aquaspalg.com\/wp-content\/uploads\/2025\/01\/Aqua-Spa.jpg","type":"image\/jpeg"}],"twitter_card":"summary_large_image","twitter_misc":{"Dur\u00e9e de lecture estim\u00e9e":"2 minutes"},"schema":{"@context":"https:\/\/schema.org","@graph":[{"@type":"WebPage","@id":"https:\/\/aquaspalg.com\/fr\/nos-soins\/epilation\/","url":"https:\/\/aquaspalg.com\/fr\/nos-soins\/epilation\/","name":"\u00c9pilation - Aqua Spa Lyne Giroux","isPartOf":{"@id":"https:\/\/aquaspalg.com\/#website"},"datePublished":"2022-06-21T14:04:41+00:00","dateModified":"2025-12-02T20:40:51+00:00","breadcrumb":{"@id":"https:\/\/aquaspalg.com\/fr\/nos-soins\/epilation\/#breadcrumb"},"inLanguage":"fr-FR","potentialAction":[{"@type":"ReadAction","target":["https:\/\/aquaspalg.com\/fr\/nos-soins\/epilation\/"]}]},{"@type":"BreadcrumbList","@id":"https:\/\/aquaspalg.com\/fr\/nos-soins\/epilation\/#breadcrumb","itemListElement":[{"@type":"ListItem","position":1,"name":"Home","item":"https:\/\/aquaspalg.com\/fr\/"},{"@type":"ListItem","position":2,"name":"Nos soins","item":"https:\/\/aquaspalg.com\/fr\/nos-soins\/"},{"@type":"ListItem","position":3,"name":"\u00c9pilation"}]},{"@type":"WebSite","@id":"https:\/\/aquaspalg.com\/#website","url":"https:\/\/aquaspalg.com\/","name":"Aqua Spa Lyne Giroux","description":"A unique experience in Montreal\u2019s West Island.","potentialAction":[{"@type":"SearchAction","target":{"@type":"EntryPoint","urlTemplate":"https:\/\/aquaspalg.com\/?s={search_term_string}"},"query-input":{"@type":"PropertyValueSpecification","valueRequired":true,"valueName":"search_term_string"}}],"inLanguage":"fr-FR"}]}},"_links":{"self":[{"href":"https:\/\/aquaspalg.com\/fr\/wp-json\/wp\/v2\/pages\/2245","targetHints":{"allow":["GET"]}}],"collection":[{"href":"https:\/\/aquaspalg.com\/fr\/wp-json\/wp\/v2\/pages"}],"about":[{"href":"https:\/\/aquaspalg.com\/fr\/wp-json\/wp\/v2\/types\/page"}],"author":[{"embeddable":true,"href":"https:\/\/aquaspalg.com\/fr\/wp-json\/wp\/v2\/users\/11"}],"replies":[{"embeddable":true,"href":"https:\/\/aquaspalg.com\/fr\/wp-json\/wp\/v2\/comments?post=2245"}],"version-history":[{"count":0,"href":"https:\/\/aquaspalg.com\/fr\/wp-json\/wp\/v2\/pages\/2245\/revisions"}],"up":[{"embeddable":true,"href":"https:\/\/aquaspalg.com\/fr\/wp-json\/wp\/v2\/pages\/2249"}],"wp:attachment":[{"href":"https:\/\/aquaspalg.com\/fr\/wp-json\/wp\/v2\/media?parent=2245"}],"curies":[{"name":"wp","href":"https:\/\/api.w.org\/{rel}","templated":true}]}}