{"id":2237,"date":"2022-05-31T11:19:54","date_gmt":"2022-05-31T15:19:54","guid":{"rendered":"https:\/\/aquaspa1.wpenginepowered.com\/privacy-policy\/"},"modified":"2023-03-13T19:50:00","modified_gmt":"2023-03-13T23:50:00","slug":"politique-annulation","status":"publish","type":"page","link":"https:\/\/aquaspalg.com\/fr\/politique-annulation\/","title":{"rendered":"Termes et conditions"},"content":{"rendered":"<p>[et_pb_section fb_built=\u00a0\u00bb1&Prime; custom_padding_last_edited=\u00a0\u00bbon|tablet\u00a0\u00bb _builder_version=\u00a0\u00bb4.17.4&Prime; _module_preset=\u00a0\u00bbdefault\u00a0\u00bb custom_padding=\u00a0\u00bb140px||0px||false|false\u00a0\u00bb custom_padding_tablet=\u00a0\u00bb90px||0px||false|false\u00a0\u00bb custom_padding_phone=\u00a0\u00bb90px||0px||false|false\u00a0\u00bb locked=\u00a0\u00bboff\u00a0\u00bb global_colors_info=\u00a0\u00bb{}\u00a0\u00bb][et_pb_row _builder_version=\u00a0\u00bb4.17.4&Prime; _module_preset=\u00a0\u00bbdefault\u00a0\u00bb background_image=\u00a0\u00bbhttps:\/\/aquaspalg.com\/wp-content\/uploads\/2022\/07\/header-politique-conf.jpeg\u00a0\u00bb global_colors_info=\u00a0\u00bb{}\u00a0\u00bb][et_pb_column type=\u00a0\u00bb4_4&Prime; _builder_version=\u00a0\u00bb4.17.4&Prime; _module_preset=\u00a0\u00bbdefault\u00a0\u00bb global_colors_info=\u00a0\u00bb{}\u00a0\u00bb][et_pb_text _builder_version=\u00a0\u00bb4.17.4&Prime; _module_preset=\u00a0\u00bbdefault\u00a0\u00bb text_text_color=\u00a0\u00bb#FFFFFF\u00a0\u00bb text_font_size=\u00a0\u00bb78px\u00a0\u00bb header_font=\u00a0\u00bbCervo medium|||on|||||\u00a0\u00bb header_text_align=\u00a0\u00bbcenter\u00a0\u00bb header_text_color=\u00a0\u00bb#FFFFFF\u00a0\u00bb header_font_size=\u00a0\u00bb50px\u00a0\u00bb custom_padding=\u00a0\u00bb174px||100px||false|false\u00a0\u00bb custom_padding_tablet=\u00a0\u00bb100px||100px||false|false\u00a0\u00bb custom_padding_phone=\u00a0\u00bb100px||100px||false|false\u00a0\u00bb custom_padding_last_edited=\u00a0\u00bbon|phone\u00a0\u00bb header_font_size_tablet=\u00a0\u00bb50px\u00a0\u00bb header_font_size_phone=\u00a0\u00bb46px\u00a0\u00bb header_font_size_last_edited=\u00a0\u00bbon|phone\u00a0\u00bb custom_css_main_element=\u00a0\u00bbtext-shadow: 2px 2px 0 rgb(0 0 0 \/ 8%);\u00a0\u00bb locked=\u00a0\u00bboff\u00a0\u00bb global_colors_info=\u00a0\u00bb{}\u00a0\u00bb]<\/p>\n<h1>TERMES ET CONDITIONS<\/h1>\n<p>[\/et_pb_text][\/et_pb_column][\/et_pb_row][\/et_pb_section][et_pb_section fb_built=\u00a0\u00bb1&Prime; _builder_version=\u00a0\u00bb4.16&Prime; global_colors_info=\u00a0\u00bb{}\u00a0\u00bb][et_pb_row _builder_version=\u00a0\u00bb4.17.4&Prime; background_size=\u00a0\u00bbinitial\u00a0\u00bb background_position=\u00a0\u00bbtop_left\u00a0\u00bb background_repeat=\u00a0\u00bbrepeat\u00a0\u00bb width=\u00a0\u00bb70%\u00a0\u00bb width_tablet=\u00a0\u00bb70%\u00a0\u00bb width_phone=\u00a0\u00bb70%\u00a0\u00bb width_last_edited=\u00a0\u00bbon|desktop\u00a0\u00bb global_colors_info=\u00a0\u00bb{}\u00a0\u00bb][et_pb_column type=\u00a0\u00bb4_4&Prime; _builder_version=\u00a0\u00bb4.16&Prime; custom_padding=\u00a0\u00bb|||\u00a0\u00bb global_colors_info=\u00a0\u00bb{}\u00a0\u00bb custom_padding__hover=\u00a0\u00bb|||\u00a0\u00bb][et_pb_text _builder_version=\u00a0\u00bb4.19.4&Prime; header_2_text_color=\u00a0\u00bb#9AD7D8&Prime; background_size=\u00a0\u00bbinitial\u00a0\u00bb background_position=\u00a0\u00bbtop_left\u00a0\u00bb background_repeat=\u00a0\u00bbrepeat\u00a0\u00bb hover_enabled=\u00a0\u00bb0&Prime; global_colors_info=\u00a0\u00bb{}\u00a0\u00bb sticky_enabled=\u00a0\u00bb0&Prime;]<\/p>\n<h2>ANNULATION<\/h2>\n<p>Le temps accord\u00e9 \u00e0 votre s\u00e9lection de soins est r\u00e9serv\u00e9 sp\u00e9cialement pour vous. Nous vous demandons de respecter l\u2019horaire pr\u00e9vu. Vous pouvez modifier ou annuler votre r\u00e9servation au plus tard 24 heures avant l\u2019heure de d\u00e9but de votre traitement en nous contactant par t\u00e9l\u00e9phone au 514-626-8201 ou par courriel\u00a0<a class=\"ql-link\" href=\"mailto:booking@aquaspalg.com\" target=\"_blank\" rel=\"noopener noreferrer\">booking@aquaspalg.com<\/a>.\u00a0 Vous serez charg\u00e9 des frais \u00e9quivalent \u00e0 100% du prix du\/des service(s) r\u00e9serv\u00e9s si vous ne vous pr\u00e9sentez pas \u00e0 votre rendez-vous ou si vous annulez \u00e0 moins de 24 heures d\u2019avis.\u00a0 Les frais seront charg\u00e9s directement sur votre carte de cr\u00e9dit.<\/p>\n<p>Nous reconnaissons que le temps de nos clients et de nos th\u00e9rapeutes est pr\u00e9cieux et avons mis en place cette politique pour cette raison.\u00a0 Lorsque vous manquez un rendez-vous avec nous, nous perdons non seulement votre client\u00e8le, mais \u00e9galement la client\u00e8le d\u2019autres clients qui auraient aim\u00e9s prendre rendez-vous au m\u00eame moment.<\/p>\n<h2>\u00a0<\/h2>\n<h2>CONFIRMATION<\/h2>\n<p>Notre personnel du service \u00e0 la client\u00e8le enverra un message de confirmation par t\u00e9l\u00e9phone\/ message texte \/courriel. Ce message sera envoy\u00e9 au moins 24 heures avant l\u2019heure pr\u00e9vue de votre rendez-vous<\/p>\n<p>&nbsp;<\/p>\n<h2>CARTE DE CR\u00c9DIT<\/h2>\n<p>Lors de la prise de rendez-vous par t\u00e9l\u00e9phone ou bien en ligne, un num\u00e9ro de carte de cr\u00e9dit sera exig\u00e9 afin de garantir votre r\u00e9servation. Nous vous demandons ces informations dans le cadre de notre politique d\u2019annulation et vous ne serez aucunement factur\u00e9 \u00e0 moins qu\u2019il n\u2019y ait une annulation ne respectant pas les d\u00e9lais de 24hres. Le jour du rendez-vous, les clients peuvent choisir leur mode de paiement.<\/p>\n<h2>\u00a0<\/h2>\n<h2>RETARD<\/h2>\n<p>Veuillez noter que les retardataires ne seront pas accord\u00e9s une extension \u00e0 leurs traitements. Les traitements se termineront \u00e0 l\u2019heure pr\u00e9vue et vous serez responsable du paiement complet pour ce service.<\/p>\n<p>Nous vous recommandons d\u2019arriver au moins 10 minutes avant l\u2019heure pr\u00e9vue de votre rendez. Cela vous donnera amplement le temps de vous enregistrer ainsi que remplir la consultation-client n\u00e9cessaire pour adapter nos services \u00e0 vos besoins personnels.<\/p>\n<h2>\u00a0<\/h2>\n<h2>PRIX<\/h2>\n<p>Les prix sont sujet \u00e0 des changements sans pr\u00e9avis et peuvent varier selon l\u2019achalandage et la p\u00e9riode de l\u2019ann\u00e9e.\u00a0 Il en est de la responsabilit\u00e9 du client de v\u00e9rifier des prix courants au moment de son rendez-vous.\u00a0 Veuillez prendre note qu\u2019Aqua Spa Lyne Giroux ne communiquera pas avec les clients ayant r\u00e9serv\u00e9 des rendez-vous avant les changements de prix afin de les aviser.<\/p>\n<h2>\u00a0<\/h2>\n<h2>CARTES CADEAUX<\/h2>\n<p>Les cartes cadeaux n\u2019ont pas de date d\u2019expiration. Elles sont non-remboursables et n\u2019a aucune valeur marchande.\u00a0 Les cartes cadeaux ne seront pas remplac\u00e9es si elles sont vol\u00e9es, perdues ou endommag\u00e9es.\u00a0 Vous pouvez conna\u00eetre le solde courant de votre carte cadeau en demandant le solde en magasin.\u00a0 Si vous utilisez cette carte cadeau pour des services 1 an ou plus apr\u00e8s son \u00e9mission et que le prix desdits services est sup\u00e9rieur au moment de l\u2019utilisation de la carte cadeau que le prix au moment de son \u00e9mission, la diff\u00e9rence entre ces deux prix pourra vous \u00eatre exig\u00e9e.<\/p>\n<h2>\u00a0<\/h2>\n<h2>CARTES WAYSPA<\/h2>\n<p>Notre \u00e9tablissement est fier partenaire de Wayspa. Nos clients peuvent utiliser leurs cartes-cadeaux comme mode de paiement pour tous nos services et produits \u00e0 prix r\u00e9gulier en magasin. Cependant, veuillez prendre note que les cartes-cadeaux Wayspa ne sont pas applicables sur les services et produits \u00e0 prix r\u00e9duit, notamment tous nos forfaits spa ou en promotion, ne peuvent \u00eatre combin\u00e9es \u00e0 aucune autre offre promotionnelle et ne sont pas applicable sur les achats effectu\u00e9s sur notre boutique en ligne ou achats par t\u00e9l\u00e9phone. Il n\u2019est \u00e9galement pas possible d\u2019\u00e9changer les cartes-cadeaux Wayspa pour un cr\u00e9dit sur votre compte client ou de faire l\u2019achat d\u2019une carte-cadeau Aqua Spa \u2013 seulement la balance des cartes r\u00e9clam\u00e9es peuvent \u00eatre ajout\u00e9es \u00e0 votre compte client. Les clients doivent obligatoirement avoir en leur possession physique, leurs cartes Wayspa ou une impression papier de leurs cartes Wayspa \u00e9lectroniques. Il ne sera pas possible d\u2019imprimer les cartes \u00e9lectroniques en magasin.<\/p>\n<p>[\/et_pb_text][\/et_pb_column][\/et_pb_row][\/et_pb_section]<\/p>\n","protected":false},"excerpt":{"rendered":"<p>TERMES ET CONDITIONSANNULATION Le temps accord\u00e9 \u00e0 votre s\u00e9lection de soins est r\u00e9serv\u00e9 sp\u00e9cialement pour vous. Nous vous demandons de respecter l\u2019horaire pr\u00e9vu. Vous pouvez modifier ou annuler votre r\u00e9servation au plus tard 24 heures avant l\u2019heure de d\u00e9but de votre traitement en nous contactant par t\u00e9l\u00e9phone au 514-626-8201 ou par courriel\u00a0booking@aquaspalg.com.\u00a0 Vous serez charg\u00e9 [&hellip;]<\/p>\n","protected":false},"author":11,"featured_media":0,"parent":0,"menu_order":0,"comment_status":"closed","ping_status":"open","template":"","meta":{"_et_pb_use_builder":"on","_et_pb_old_content":"<!-- wp:heading -->\r\n<h2>Who we are<\/h2>\r\n<!-- \/wp:heading --><!-- wp:paragraph -->\r\n<p><strong class=\"privacy-policy-tutorial\">Suggested text: <\/strong>Our website address is: https:\/\/aquaspalg.com.<\/p>\r\n<!-- \/wp:paragraph --><!-- wp:heading -->\r\n<h2>Comments<\/h2>\r\n<!-- \/wp:heading --><!-- wp:paragraph -->\r\n<p><strong class=\"privacy-policy-tutorial\">Suggested text: <\/strong>When visitors leave comments on the site we collect the data shown in the comments form, and also the visitor\u2019s IP address and browser user agent string to help spam detection.<\/p>\r\n<!-- \/wp:paragraph --><!-- wp:paragraph -->\r\n<p>An anonymized string created from your email address (also called a hash) may be provided to the Gravatar service to see if you are using it. The Gravatar service privacy policy is available here: https:\/\/automattic.com\/privacy\/. After approval of your comment, your profile picture is visible to the public in the context of your comment.<\/p>\r\n<!-- \/wp:paragraph --><!-- wp:heading -->\r\n<h2>Media<\/h2>\r\n<!-- \/wp:heading --><!-- wp:paragraph -->\r\n<p><strong class=\"privacy-policy-tutorial\">Suggested text: <\/strong>If you upload images to the website, you should avoid uploading images with embedded location data (EXIF GPS) included. Visitors to the website can download and extract any location data from images on the website.<\/p>\r\n<!-- \/wp:paragraph --><!-- wp:heading -->\r\n<h2>Cookies<\/h2>\r\n<!-- \/wp:heading --><!-- wp:paragraph -->\r\n<p><strong class=\"privacy-policy-tutorial\">Suggested text: <\/strong>If you leave a comment on our site you may opt-in to saving your name, email address and website in cookies. These are for your convenience so that you do not have to fill in your details again when you leave another comment. These cookies will last for one year.<\/p>\r\n<!-- \/wp:paragraph --><!-- wp:paragraph -->\r\n<p>If you visit our login page, we will set a temporary cookie to determine if your browser accepts cookies. This cookie contains no personal data and is discarded when you close your browser.<\/p>\r\n<!-- \/wp:paragraph --><!-- wp:paragraph -->\r\n<p>When you log in, we will also set up several cookies to save your login information and your screen display choices. Login cookies last for two days, and screen options cookies last for a year. If you select \"Remember Me\", your login will persist for two weeks. If you log out of your account, the login cookies will be removed.<\/p>\r\n<!-- \/wp:paragraph --><!-- wp:paragraph -->\r\n<p>If you edit or publish an article, an additional cookie will be saved in your browser. This cookie includes no personal data and simply indicates the post ID of the article you just edited. It expires after 1 day.<\/p>\r\n<!-- \/wp:paragraph --><!-- wp:heading -->\r\n<h2>Embedded content from other websites<\/h2>\r\n<!-- \/wp:heading --><!-- wp:paragraph -->\r\n<p><strong class=\"privacy-policy-tutorial\">Suggested text: <\/strong>Articles on this site may include embedded content (e.g. videos, images, articles, etc.). Embedded content from other websites behaves in the exact same way as if the visitor has visited the other website.<\/p>\r\n<!-- \/wp:paragraph --><!-- wp:paragraph -->\r\n<p>These websites may collect data about you, use cookies, embed additional third-party tracking, and monitor your interaction with that embedded content, including tracking your interaction with the embedded content if you have an account and are logged in to that website.<\/p>\r\n<!-- \/wp:paragraph --><!-- wp:heading -->\r\n<h2>Who we share your data with<\/h2>\r\n<!-- \/wp:heading --><!-- wp:paragraph -->\r\n<p><strong class=\"privacy-policy-tutorial\">Suggested text: <\/strong>If you request a password reset, your IP address will be included in the reset email.<\/p>\r\n<!-- \/wp:paragraph --><!-- wp:heading -->\r\n<h2>How long we retain your data<\/h2>\r\n<!-- \/wp:heading --><!-- wp:paragraph -->\r\n<p><strong class=\"privacy-policy-tutorial\">Suggested text: <\/strong>If you leave a comment, the comment and its metadata are retained indefinitely. This is so we can recognize and approve any follow-up comments automatically instead of holding them in a moderation queue.<\/p>\r\n<!-- \/wp:paragraph --><!-- wp:paragraph -->\r\n<p>For users that register on our website (if any), we also store the personal information they provide in their user profile. All users can see, edit, or delete their personal information at any time (except they cannot change their username). Website administrators can also see and edit that information.<\/p>\r\n<!-- \/wp:paragraph --><!-- wp:heading -->\r\n<h2>What rights you have over your data<\/h2>\r\n<!-- \/wp:heading --><!-- wp:paragraph -->\r\n<p><strong class=\"privacy-policy-tutorial\">Suggested text: <\/strong>If you have an account on this site, or have left comments, you can request to receive an exported file of the personal data we hold about you, including any data you have provided to us. You can also request that we erase any personal data we hold about you. This does not include any data we are obliged to keep for administrative, legal, or security purposes.<\/p>\r\n<!-- \/wp:paragraph --><!-- wp:heading -->\r\n<h2>Where your data is sent<\/h2>\r\n<!-- \/wp:heading --><!-- wp:paragraph -->\r\n<p><strong class=\"privacy-policy-tutorial\">Suggested text: <\/strong>Visitor comments may be checked through an automated spam detection service.<\/p>\r\n<!-- \/wp:paragraph -->","_et_gb_content_width":"","footnotes":""},"class_list":["post-2237","page","type-page","status-publish","hentry"],"yoast_head":"<!-- This site is optimized with the Yoast SEO plugin v26.6 - https:\/\/yoast.com\/wordpress\/plugins\/seo\/ -->\n<title>Termes et conditions - Aqua Spa Lyne Giroux<\/title>\n<meta name=\"robots\" content=\"index, follow, max-snippet:-1, max-image-preview:large, max-video-preview:-1\" \/>\n<link rel=\"canonical\" href=\"https:\/\/aquaspalg.com\/fr\/politique-annulation\/\" \/>\n<meta property=\"og:locale\" content=\"fr_FR\" \/>\n<meta property=\"og:type\" content=\"article\" \/>\n<meta property=\"og:title\" content=\"Termes et conditions - Aqua Spa Lyne Giroux\" \/>\n<meta property=\"og:description\" content=\"TERMES ET CONDITIONSANNULATION Le temps accord\u00e9 \u00e0 votre s\u00e9lection de soins est r\u00e9serv\u00e9 sp\u00e9cialement pour vous. Nous vous demandons de respecter l\u2019horaire pr\u00e9vu. Vous pouvez modifier ou annuler votre r\u00e9servation au plus tard 24 heures avant l\u2019heure de d\u00e9but de votre traitement en nous contactant par t\u00e9l\u00e9phone au 514-626-8201 ou par courriel\u00a0booking@aquaspalg.com.\u00a0 Vous serez charg\u00e9 [&hellip;]\" \/>\n<meta property=\"og:url\" content=\"https:\/\/aquaspalg.com\/fr\/politique-annulation\/\" \/>\n<meta property=\"og:site_name\" content=\"Aqua Spa Lyne Giroux\" \/>\n<meta property=\"article:publisher\" content=\"https:\/\/www.facebook.com\/aquaspalynegiroux\/\" \/>\n<meta property=\"article:modified_time\" content=\"2023-03-13T23:50:00+00:00\" \/>\n<meta property=\"og:image\" content=\"https:\/\/aquaspalg.com\/wp-content\/uploads\/2025\/01\/Aqua-Spa.jpg\" \/>\n\t<meta property=\"og:image:width\" content=\"1280\" \/>\n\t<meta property=\"og:image:height\" content=\"720\" \/>\n\t<meta property=\"og:image:type\" content=\"image\/jpeg\" \/>\n<meta name=\"twitter:card\" content=\"summary_large_image\" \/>\n<meta name=\"twitter:label1\" content=\"Dur\u00e9e de lecture estim\u00e9e\" \/>\n\t<meta name=\"twitter:data1\" content=\"4 minutes\" \/>\n<script type=\"application\/ld+json\" class=\"yoast-schema-graph\">{\"@context\":\"https:\/\/schema.org\",\"@graph\":[{\"@type\":\"WebPage\",\"@id\":\"https:\/\/aquaspalg.com\/fr\/politique-annulation\/\",\"url\":\"https:\/\/aquaspalg.com\/fr\/politique-annulation\/\",\"name\":\"Termes et conditions - Aqua Spa Lyne Giroux\",\"isPartOf\":{\"@id\":\"https:\/\/aquaspalg.com\/#website\"},\"datePublished\":\"2022-05-31T15:19:54+00:00\",\"dateModified\":\"2023-03-13T23:50:00+00:00\",\"breadcrumb\":{\"@id\":\"https:\/\/aquaspalg.com\/fr\/politique-annulation\/#breadcrumb\"},\"inLanguage\":\"fr-FR\",\"potentialAction\":[{\"@type\":\"ReadAction\",\"target\":[\"https:\/\/aquaspalg.com\/fr\/politique-annulation\/\"]}]},{\"@type\":\"BreadcrumbList\",\"@id\":\"https:\/\/aquaspalg.com\/fr\/politique-annulation\/#breadcrumb\",\"itemListElement\":[{\"@type\":\"ListItem\",\"position\":1,\"name\":\"Home\",\"item\":\"https:\/\/aquaspalg.com\/fr\/\"},{\"@type\":\"ListItem\",\"position\":2,\"name\":\"Termes et conditions\"}]},{\"@type\":\"WebSite\",\"@id\":\"https:\/\/aquaspalg.com\/#website\",\"url\":\"https:\/\/aquaspalg.com\/\",\"name\":\"Aqua Spa Lyne Giroux\",\"description\":\"A unique experience in Montreal\u2019s West Island.\",\"potentialAction\":[{\"@type\":\"SearchAction\",\"target\":{\"@type\":\"EntryPoint\",\"urlTemplate\":\"https:\/\/aquaspalg.com\/?s={search_term_string}\"},\"query-input\":{\"@type\":\"PropertyValueSpecification\",\"valueRequired\":true,\"valueName\":\"search_term_string\"}}],\"inLanguage\":\"fr-FR\"}]}<\/script>\n<!-- \/ Yoast SEO plugin. -->","yoast_head_json":{"title":"Termes et conditions - Aqua Spa Lyne Giroux","robots":{"index":"index","follow":"follow","max-snippet":"max-snippet:-1","max-image-preview":"max-image-preview:large","max-video-preview":"max-video-preview:-1"},"canonical":"https:\/\/aquaspalg.com\/fr\/politique-annulation\/","og_locale":"fr_FR","og_type":"article","og_title":"Termes et conditions - Aqua Spa Lyne Giroux","og_description":"TERMES ET CONDITIONSANNULATION Le temps accord\u00e9 \u00e0 votre s\u00e9lection de soins est r\u00e9serv\u00e9 sp\u00e9cialement pour vous. Nous vous demandons de respecter l\u2019horaire pr\u00e9vu. Vous pouvez modifier ou annuler votre r\u00e9servation au plus tard 24 heures avant l\u2019heure de d\u00e9but de votre traitement en nous contactant par t\u00e9l\u00e9phone au 514-626-8201 ou par courriel\u00a0booking@aquaspalg.com.\u00a0 Vous serez charg\u00e9 [&hellip;]","og_url":"https:\/\/aquaspalg.com\/fr\/politique-annulation\/","og_site_name":"Aqua Spa Lyne Giroux","article_publisher":"https:\/\/www.facebook.com\/aquaspalynegiroux\/","article_modified_time":"2023-03-13T23:50:00+00:00","og_image":[{"width":1280,"height":720,"url":"https:\/\/aquaspalg.com\/wp-content\/uploads\/2025\/01\/Aqua-Spa.jpg","type":"image\/jpeg"}],"twitter_card":"summary_large_image","twitter_misc":{"Dur\u00e9e de lecture estim\u00e9e":"4 minutes"},"schema":{"@context":"https:\/\/schema.org","@graph":[{"@type":"WebPage","@id":"https:\/\/aquaspalg.com\/fr\/politique-annulation\/","url":"https:\/\/aquaspalg.com\/fr\/politique-annulation\/","name":"Termes et conditions - Aqua Spa Lyne Giroux","isPartOf":{"@id":"https:\/\/aquaspalg.com\/#website"},"datePublished":"2022-05-31T15:19:54+00:00","dateModified":"2023-03-13T23:50:00+00:00","breadcrumb":{"@id":"https:\/\/aquaspalg.com\/fr\/politique-annulation\/#breadcrumb"},"inLanguage":"fr-FR","potentialAction":[{"@type":"ReadAction","target":["https:\/\/aquaspalg.com\/fr\/politique-annulation\/"]}]},{"@type":"BreadcrumbList","@id":"https:\/\/aquaspalg.com\/fr\/politique-annulation\/#breadcrumb","itemListElement":[{"@type":"ListItem","position":1,"name":"Home","item":"https:\/\/aquaspalg.com\/fr\/"},{"@type":"ListItem","position":2,"name":"Termes et conditions"}]},{"@type":"WebSite","@id":"https:\/\/aquaspalg.com\/#website","url":"https:\/\/aquaspalg.com\/","name":"Aqua Spa Lyne Giroux","description":"A unique experience in Montreal\u2019s West Island.","potentialAction":[{"@type":"SearchAction","target":{"@type":"EntryPoint","urlTemplate":"https:\/\/aquaspalg.com\/?s={search_term_string}"},"query-input":{"@type":"PropertyValueSpecification","valueRequired":true,"valueName":"search_term_string"}}],"inLanguage":"fr-FR"}]}},"_links":{"self":[{"href":"https:\/\/aquaspalg.com\/fr\/wp-json\/wp\/v2\/pages\/2237","targetHints":{"allow":["GET"]}}],"collection":[{"href":"https:\/\/aquaspalg.com\/fr\/wp-json\/wp\/v2\/pages"}],"about":[{"href":"https:\/\/aquaspalg.com\/fr\/wp-json\/wp\/v2\/types\/page"}],"author":[{"embeddable":true,"href":"https:\/\/aquaspalg.com\/fr\/wp-json\/wp\/v2\/users\/11"}],"replies":[{"embeddable":true,"href":"https:\/\/aquaspalg.com\/fr\/wp-json\/wp\/v2\/comments?post=2237"}],"version-history":[{"count":0,"href":"https:\/\/aquaspalg.com\/fr\/wp-json\/wp\/v2\/pages\/2237\/revisions"}],"wp:attachment":[{"href":"https:\/\/aquaspalg.com\/fr\/wp-json\/wp\/v2\/media?parent=2237"}],"curies":[{"name":"wp","href":"https:\/\/api.w.org\/{rel}","templated":true}]}}